{"id":707,"date":"2024-08-23T14:30:05","date_gmt":"2024-08-23T12:30:05","guid":{"rendered":"https:\/\/exovision.fr\/fr\/?page_id=707"},"modified":"2024-08-23T14:30:49","modified_gmt":"2024-08-23T12:30:49","slug":"politique-de-confidentialite","status":"publish","type":"page","link":"https:\/\/exovision.fr\/fr\/politique-de-confidentialite\/","title":{"rendered":"Politique de confidentialit\u00e9"},"content":{"rendered":"\n\n\n<h2 class=\"wp-block-heading\">FORMULAIRE DE CONTACT<\/h2>\n\n\n\n<p>Les informations recueillies sur ce formulaire sont enregistr\u00e9es dans un fichier informatis\u00e9 par Exovision SI, 51 rue Houdart, 95700 Roissy-en-France dans e seul et unique but de prendre contact avec la personne \u00e9mettrice de la demande concernant le message envoy\u00e9. La base l\u00e9gale du traitement est le consentement.<\/p>\n\n\n\n<p>Les donn\u00e9es collect\u00e9es seront communiqu\u00e9es aux seuls destinataires suivants : service Clients d&#8217;Exovision SI.<\/p>\n\n\n\n<p>Les donn\u00e9es sont conserv\u00e9es pendant deux ans.<\/p>\n\n\n\n<p>Vous pouvez acc\u00e9der aux donn\u00e9es vous concernant, les rectifier, demander leur effacement ou exercer votre droit \u00e0 la limitation du traitement de vos donn\u00e9es. Vous pouvez retirer \u00e0 tout moment votre consentement au traitement de vos donn\u00e9es.<\/p>\n\n\n\n<p>Consultez le site cnil.fr pour plus d\u2019informations sur vos droits.<\/p>\n\n\n\n<p>Pour exercer ces droits ou pour toute question sur le traitement de vos donn\u00e9es dans ce dispositif, vous pouvez contacter notre d\u00e9l\u00e9gu\u00e9 \u00e0 la protection des donn\u00e9es : <a href=\"mailto:exovision@exovision.fr\">exovision@exovision.fr<\/a> ; 01 34 29 91 63 ; 51 rue Houdart, 95700 Roissy-en-France).<\/p>\n\n\n\n<p>Si vous estimez, apr\u00e8s nous avoir contact\u00e9s, que vos droits \u00ab Informatique et Libert\u00e9s \u00bb ne sont pas respect\u00e9s, vous pouvez adresser une r\u00e9clamation \u00e0 la CNIL.<\/p>\n","protected":false},"excerpt":{"rendered":"<p>FORMULAIRE DE CONTACT Les informations recueillies sur ce formulaire sont enregistr\u00e9es dans un fichier informatis\u00e9 par Exovision SI, 51 rue [&hellip;]<\/p>\n","protected":false},"author":3,"featured_media":0,"parent":0,"menu_order":0,"comment_status":"closed","ping_status":"closed","template":"","meta":{"footnotes":""},"class_list":["post-707","page","type-page","status-publish","hentry"],"_links":{"self":[{"href":"https:\/\/exovision.fr\/fr\/wp-json\/wp\/v2\/pages\/707","targetHints":{"allow":["GET"]}}],"collection":[{"href":"https:\/\/exovision.fr\/fr\/wp-json\/wp\/v2\/pages"}],"about":[{"href":"https:\/\/exovision.fr\/fr\/wp-json\/wp\/v2\/types\/page"}],"author":[{"embeddable":true,"href":"https:\/\/exovision.fr\/fr\/wp-json\/wp\/v2\/users\/3"}],"replies":[{"embeddable":true,"href":"https:\/\/exovision.fr\/fr\/wp-json\/wp\/v2\/comments?post=707"}],"version-history":[{"count":2,"href":"https:\/\/exovision.fr\/fr\/wp-json\/wp\/v2\/pages\/707\/revisions"}],"predecessor-version":[{"id":710,"href":"https:\/\/exovision.fr\/fr\/wp-json\/wp\/v2\/pages\/707\/revisions\/710"}],"wp:attachment":[{"href":"https:\/\/exovision.fr\/fr\/wp-json\/wp\/v2\/media?parent=707"}],"curies":[{"name":"wp","href":"https:\/\/api.w.org\/{rel}","templated":true}]}}