{"id":19,"date":"2018-04-24T16:59:42","date_gmt":"2018-04-24T14:59:42","guid":{"rendered":"https:\/\/exovision.fr\/fr\/?page_id=19"},"modified":"2024-08-19T16:30:16","modified_gmt":"2024-08-19T14:30:16","slug":"exovision","status":"publish","type":"page","link":"https:\/\/exovision.fr\/fr\/exovision\/","title":{"rendered":"Exovision"},"content":{"rendered":"\n<p><strong>Exovision Syst\u00e8mes d\u2019Informations<\/strong> s&#8217;adresse \u00e0 toutes les organisations souhaitant <strong>optimiser leurs communications<\/strong> tout en <strong>maitrisant leurs co\u00fbts<\/strong>. PME, TPE, Professions lib\u00e9rales, H\u00f4pitaux, Mus\u00e9es, Administrations, \u00c9ducation, Collectivit\u00e9s locales, Industries ainsi que nos confr\u00e8res, nous confient leurs projets pour le <strong>haut niveau de comp\u00e9tences<\/strong> et la <strong>disponibilit\u00e9<\/strong> de notre \u00e9quipe Technique. Ils comptent sur nos conseils pour que l&#8217;\u00e9volution de leurs syst\u00e8mes soit pertinente et p\u00e9renne. Notre volont\u00e9 est de cr\u00e9er un <strong>partenariat privil\u00e9gi\u00e9<\/strong>, depuis l&#8217;\u00e9tude jusqu&#8217;\u00e0 la concr\u00e9tisation du projet et son d\u00e9veloppement.<\/p>\n\n\n\n<p>Notre \u00e9quipe est engag\u00e9e et motiv\u00e9e \u00e0 <strong>satisfaire les utilisateurs<\/strong> dans leurs exp\u00e9riences. Cette relation que nous maintenons au quotidien cr\u00e9er la <strong>valeur durable<\/strong> qui fait de notre soci\u00e9t\u00e9 un alli\u00e9 de confiance, avec qui nos clients, fournisseurs et partenaires choisissent de construire l\u2019avenir. <strong>Exovision Syst\u00e8mes d&#8217;Informations<\/strong> veille \u00e0 la formation et au bien-\u00eatre des collaborateurs afin de <strong>maintenir<\/strong> les plus hauts niveaux d\u2019expertise. Ils se retrouvent dans les valeurs qu\u2019incarne l\u2019entreprise et consid\u00e8rent la <strong>satisfaction client comme prioritaire<\/strong>.<\/p>\n\n\n\n<p>Nous nous associons \u00e9galement \u00e0 d&#8217;autres <strong>acteurs de confiance<\/strong>, sp\u00e9cialistes dans leur domaine, pour proposer des <strong>solutions compl\u00e8tes et performantes<\/strong>.<\/p>\n\n\n\n<p>Depuis 2010, <strong>Exovision<\/strong> assiste ses clients dans leurs <strong>choix<\/strong> et dans l\u2019<strong>accomplissement<\/strong> de leurs projets en t\u00e9l\u00e9communications, syst\u00e8mes d\u2019informations et visioconf\u00e9rence. La soci\u00e9t\u00e9 a su se distinguer aupr\u00e8s de ses clients et de ses partenaires gr\u00e2ce son <strong>expertise<\/strong>, sa <strong>disponibilit\u00e9<\/strong> et son <strong>\u00e9coute<\/strong>, la pla\u00e7ant ainsi parmi les meilleurs dans le domaine. La croissance de l\u2019entreprise s\u2019accompagne des <strong>certifications<\/strong> chez ses partenaires, ainsi que par l\u2019obtention de l\u2019<strong>habilitation Secret D\u00e9fense<\/strong> de la structure et de ses collaborateurs, gage de s\u00e9rieux et de confidentialit\u00e9. <strong>Exovision<\/strong> s\u2019assure que tous les employ\u00e9s soient form\u00e9s et sensibilis\u00e9s \u00e0 la <strong>s\u00e9curit\u00e9<\/strong> et \u00e0 la <strong>confidentialit\u00e9<\/strong>. D\u2019une part, compte tenu des pratiques li\u00e9es aux m\u00e9tiers que couvre l\u2019entreprise et d\u2019autre part, aux sp\u00e9cificit\u00e9s de chaque client que nous accompagnons. <strong>Plusieurs agr\u00e9ments<\/strong> lui sont \u00e9galement attribu\u00e9s par ses distributeurs, lui garantissant une position solide sur le march\u00e9.<\/p>\n","protected":false},"excerpt":{"rendered":"<p>Exovision Syst\u00e8mes d\u2019Informations s&#8217;adresse \u00e0 toutes les organisations souhaitant optimiser leurs communications tout en maitrisant leurs co\u00fbts. PME, TPE, Professions [&hellip;]<\/p>\n","protected":false},"author":1,"featured_media":0,"parent":0,"menu_order":0,"comment_status":"closed","ping_status":"closed","template":"","meta":{"footnotes":""},"class_list":["post-19","page","type-page","status-publish","hentry"],"_links":{"self":[{"href":"https:\/\/exovision.fr\/fr\/wp-json\/wp\/v2\/pages\/19","targetHints":{"allow":["GET"]}}],"collection":[{"href":"https:\/\/exovision.fr\/fr\/wp-json\/wp\/v2\/pages"}],"about":[{"href":"https:\/\/exovision.fr\/fr\/wp-json\/wp\/v2\/types\/page"}],"author":[{"embeddable":true,"href":"https:\/\/exovision.fr\/fr\/wp-json\/wp\/v2\/users\/1"}],"replies":[{"embeddable":true,"href":"https:\/\/exovision.fr\/fr\/wp-json\/wp\/v2\/comments?post=19"}],"version-history":[{"count":60,"href":"https:\/\/exovision.fr\/fr\/wp-json\/wp\/v2\/pages\/19\/revisions"}],"predecessor-version":[{"id":672,"href":"https:\/\/exovision.fr\/fr\/wp-json\/wp\/v2\/pages\/19\/revisions\/672"}],"wp:attachment":[{"href":"https:\/\/exovision.fr\/fr\/wp-json\/wp\/v2\/media?parent=19"}],"curies":[{"name":"wp","href":"https:\/\/api.w.org\/{rel}","templated":true}]}}